{"id":77,"date":"2024-01-08T15:39:01","date_gmt":"2024-01-08T14:39:01","guid":{"rendered":"https:\/\/lesmotsrelies.fr\/?page_id=77"},"modified":"2026-03-11T00:04:58","modified_gmt":"2026-03-10T23:04:58","slug":"qui-suis-je","status":"publish","type":"page","link":"https:\/\/lesmotsrelies.fr\/index.php\/qui-suis-je\/","title":{"rendered":"Qui suis-je ?"},"content":{"rendered":"<p>[et_pb_section fb_built=\u00a0\u00bb1&Prime; _builder_version=\u00a0\u00bb4.24.2&Prime; _module_preset=\u00a0\u00bbdefault\u00a0\u00bb background_image=\u00a0\u00bbhttps:\/\/lesmotsrelies.fr\/wp-content\/uploads\/2024\/03\/Athene.jpg\u00a0\u00bb background_position=\u00a0\u00bbcenter_right\u00a0\u00bb custom_padding=\u00a0\u00bb150px||150px|||\u00a0\u00bb global_colors_info=\u00a0\u00bb{}\u00a0\u00bb][et_pb_row _builder_version=\u00a0\u00bb4.24.2&Prime; _module_preset=\u00a0\u00bbdefault\u00a0\u00bb global_colors_info=\u00a0\u00bb{}\u00a0\u00bb][et_pb_column type=\u00a0\u00bb4_4&Prime; _builder_version=\u00a0\u00bb4.24.2&Prime; _module_preset=\u00a0\u00bbdefault\u00a0\u00bb global_colors_info=\u00a0\u00bb{}\u00a0\u00bb][et_pb_post_title meta=\u00a0\u00bboff\u00a0\u00bb _builder_version=\u00a0\u00bb4.24.2&Prime; _module_preset=\u00a0\u00bbdefault\u00a0\u00bb title_text_align=\u00a0\u00bbcenter\u00a0\u00bb title_text_shadow_style=\u00a0\u00bbpreset3&Prime; title_text_shadow_color=\u00a0\u00bb#fff6cc\u00a0\u00bb global_colors_info=\u00a0\u00bb{}\u00a0\u00bb][\/et_pb_post_title][\/et_pb_column][\/et_pb_row][\/et_pb_section][et_pb_section fb_built=\u00a0\u00bb1&Prime; _builder_version=\u00a0\u00bb4.24.2&Prime; _module_preset=\u00a0\u00bbdefault\u00a0\u00bb background_color=\u00a0\u00bbRGBA(255,255,255,0)\u00a0\u00bb custom_padding=\u00a0\u00bb45px|||||\u00a0\u00bb global_colors_info=\u00a0\u00bb{}\u00a0\u00bb][et_pb_row column_structure=\u00a0\u00bb3_5,2_5&Prime; _builder_version=\u00a0\u00bb4.24.2&Prime; _module_preset=\u00a0\u00bbdefault\u00a0\u00bb custom_padding=\u00a0\u00bb21px|||||\u00a0\u00bb box_shadow_style=\u00a0\u00bbpreset1&Prime; global_colors_info=\u00a0\u00bb{}\u00a0\u00bb][et_pb_column type=\u00a0\u00bb3_5&Prime; _builder_version=\u00a0\u00bb4.24.0&Prime; _module_preset=\u00a0\u00bbdefault\u00a0\u00bb global_colors_info=\u00a0\u00bb{}\u00a0\u00bb][et_pb_text _builder_version=\u00a0\u00bb4.27.6&Prime; _module_preset=\u00a0\u00bbdefault\u00a0\u00bb header_font_size=\u00a0\u00bb59px\u00a0\u00bb header_6_font_size=\u00a0\u00bb18px\u00a0\u00bb width=\u00a0\u00bb94.6%\u00a0\u00bb custom_margin=\u00a0\u00bb||21px||false|true\u00a0\u00bb custom_padding=\u00a0\u00bb76px|||110px|false|false\u00a0\u00bb custom_padding_tablet=\u00a0\u00bb0px|25px||25px|false|true\u00a0\u00bb custom_padding_phone=\u00a0\u00bb0px|15px||15px|false|true\u00a0\u00bb custom_padding_last_edited=\u00a0\u00bbon|tablet\u00a0\u00bb text_font_size_tablet=\u00a0\u00bb\u00a0\u00bb text_font_size_phone=\u00a0\u00bb\u00a0\u00bb text_font_size_last_edited=\u00a0\u00bbon|phone\u00a0\u00bb header_font_size_tablet=\u00a0\u00bb59px\u00a0\u00bb header_font_size_phone=\u00a0\u00bb50px\u00a0\u00bb header_font_size_last_edited=\u00a0\u00bbon|phone\u00a0\u00bb header_6_font_size_tablet=\u00a0\u00bb18px\u00a0\u00bb header_6_font_size_phone=\u00a0\u00bb18px\u00a0\u00bb header_6_font_size_last_edited=\u00a0\u00bbon|desktop\u00a0\u00bb header_6_line_height_tablet=\u00a0\u00bb\u00a0\u00bb header_6_line_height_phone=\u00a0\u00bb1.3em\u00a0\u00bb header_6_line_height_last_edited=\u00a0\u00bbon|phone\u00a0\u00bb global_colors_info=\u00a0\u00bb{}\u00a0\u00bb]<\/p>\n<h6 style=\"text-align: center;\"><span style=\"font-size: x-large;\">Des livres dans les mains, <\/span><\/h6>\n<h6 style=\"text-align: center;\"><span style=\"font-size: x-large;\">des histoires dans la t\u00eate, <\/span><\/h6>\n<h6 style=\"text-align: center;\"><span style=\"font-size: x-large;\">la nature dans les yeux. <\/span><\/h6>\n<h6 style=\"text-align: center;\"><span style=\"font-size: x-large;\">Et plein de couleurs dans le c\u0153<\/span><span style=\"font-size: x-large;\">ur !<\/span><\/h6>\n<h6 style=\"text-align: center;\"><span style=\"font-size: x-large;\">Enchant\u00e9e, moi c&rsquo;est Cl\u00e9mence Givonetti.<\/span><\/h6>\n<h6 style=\"text-align: center;\"><span style=\"font-size: x-large;\">Et vous ?<\/span><\/h6>\n<p>[\/et_pb_text][\/et_pb_column][et_pb_column type=\u00a0\u00bb2_5&Prime; _builder_version=\u00a0\u00bb4.24.0&Prime; _module_preset=\u00a0\u00bbdefault\u00a0\u00bb global_colors_info=\u00a0\u00bb{}\u00a0\u00bb][et_pb_image src=\u00a0\u00bbhttps:\/\/lesmotsrelies.fr\/wp-content\/uploads\/2024\/01\/Clemence-Givonetti-scaled.jpg\u00a0\u00bb title_text=\u00a0\u00bbCl\u00e9mence Givonetti\u00a0\u00bb align=\u00a0\u00bbcenter\u00a0\u00bb _builder_version=\u00a0\u00bb4.24.2&Prime; _module_preset=\u00a0\u00bbdefault\u00a0\u00bb height=\u00a0\u00bb311px\u00a0\u00bb custom_margin=\u00a0\u00bb|||0px|false|false\u00a0\u00bb custom_margin_last_edited=\u00a0\u00bboff|tablet\u00a0\u00bb custom_padding=\u00a0\u00bb|||0px||\u00a0\u00bb global_colors_info=\u00a0\u00bb{}\u00a0\u00bb][\/et_pb_image][\/et_pb_column][\/et_pb_row][et_pb_row _builder_version=\u00a0\u00bb4.24.0&Prime; _module_preset=\u00a0\u00bbdefault\u00a0\u00bb custom_padding=\u00a0\u00bb40px|||||\u00a0\u00bb global_colors_info=\u00a0\u00bb{}\u00a0\u00bb][et_pb_column type=\u00a0\u00bb4_4&Prime; _builder_version=\u00a0\u00bb4.24.0&Prime; _module_preset=\u00a0\u00bbdefault\u00a0\u00bb global_colors_info=\u00a0\u00bb{}\u00a0\u00bb][et_pb_text _builder_version=\u00a0\u00bb4.27.6&Prime; _module_preset=\u00a0\u00bbdefault\u00a0\u00bb custom_margin=\u00a0\u00bb18px|||||\u00a0\u00bb custom_padding=\u00a0\u00bb||0px|||\u00a0\u00bb global_colors_info=\u00a0\u00bb{}\u00a0\u00bb]<\/p>\n<p>Relier. Les livres, bien s\u00fbr, mais aussi les activit\u00e9s, les passions. Voil\u00e0 l\u2019\u00e9lan \u00e0 l\u2019origine des Mots reli\u00e9s.<\/p>\n<p><strong>Install\u00e9e depuis juillet 2023 \u00e0 Gr\u00e8zes<\/strong>, un petit coin de campagne \u00e0 la limite entre la Dordogne, la Corr\u00e8ze et le Lot, Les Mots reli\u00e9s rassemble ainsi <strong>trois domaines d\u2019activit\u00e9s\u00a0: reliure, correction et \u00e9criture<\/strong>\u00a0; et ce, dans une m\u00eame <strong>d\u00e9marche \u00e9cologique<\/strong> convaincue. Trois m\u00e9tiers-passions, ind\u00e9pendants mais li\u00e9s, comme autant d\u2019\u00e9tapes sur le chemin de cr\u00e9ation des livres.\u00a0<\/p>\n<p>[\/et_pb_text][et_pb_text _builder_version=\u00a0\u00bb4.24.2&Prime; _module_preset=\u00a0\u00bbdefault\u00a0\u00bb custom_margin=\u00a0\u00bb-1px|||||\u00a0\u00bb custom_padding=\u00a0\u00bb25px||0px|||\u00a0\u00bb global_colors_info=\u00a0\u00bb{}\u00a0\u00bb]<\/p>\n<h5 style=\"text-align: center;\">Mon parcours en dates cl\u00e9s<\/h5>\n<p>&nbsp;<\/p>\n<ul>\n<li><strong>Depuis juillet 2023 : <\/strong>Activit\u00e9 professionnelle ind\u00e9pendante avec Les Mots reli\u00e9s.<\/li>\n<li><strong>2021-2022 :<\/strong>\n<ul>\n<li>Emploi de contractuelle \u00e9tudiante \u00e0 la biblioth\u00e8que universitaire de lettres de l\u2019universit\u00e9 Toulouse II.<\/li>\n<li>Formation au CAP Arts de la reliure chez M. <a href=\"https:\/\/www.reliure-campourcy.fr\/\">Robert Campourcy, relieur doreur et gainier<\/a> \u00e0 Colomiers.<\/li>\n<\/ul>\n<\/li>\n<li><strong>2019-2022 : <\/strong>Master Cr\u00e9ation litt\u00e9raire M\u00e9tiers de l\u2019\u00e9criture \u00e0 l\u2019universit\u00e9 de Toulouse. D\u00e9couverte des m\u00e9tiers de correction et animation d\u2019ateliers d\u2019\u00e9criture, pratique renforc\u00e9e de l\u2019\u00e9criture. Cr\u00e9ation, en projet d\u2019\u00e9tudes, de Tierce contre Tierce, un spectacle d\u2019escrime artistique (escrime chor\u00e9graphi\u00e9e pour la sc\u00e8ne ou le cin\u00e9ma) avec l\u2019association Armadag et le club TUC Escrime.<\/li>\n<li><strong>2018-2019 : <\/strong>3e ann\u00e9e de licence Lettres et Arts \u00e0 l\u2019universit\u00e9 de Toulouse. Stage chez M. Campourcy.<\/li>\n<li><strong>2017-2018 : <\/strong>Volontariat \u00e9cologique franco-allemand (VEFA) dans l\u2019association de protection de la nature et ornithologie GNOR \u00e0 Mainz et la ferme Montagshof pr\u00e8s de Koblenz, Allemagne.<\/li>\n<li><strong>2014-2017 : <\/strong>Licence Lettres Modernes \u00e0 l\u2019universit\u00e9 de Toulouse. D\u00e9couverte de la reliure et participation assidue \u00e0 des ateliers d\u2019\u00e9criture malgr\u00e9 une panne cr\u00e9ative.<\/li>\n<li><strong>2014 : <\/strong>Baccalaur\u00e9at litt\u00e9raire sp\u00e9cialit\u00e9 Arts plastiques. Premi\u00e8res exp\u00e9rimentations d\u2019arts crois\u00e9s entre \u00e9criture et photographie.<\/li>\n<li><strong>2008-2014 : <\/strong>Participations (dont certaines prim\u00e9es) \u00e0 des concours d\u2019\u00e9criture jeunesse\u00a0: concours du salon du livre jeunesse de Sarlat, concours de l\u2019AMOPA, concours de nouvelles de la ville de Brive, Prix du Jeune \u00c9crivain.<\/li>\n<li><strong>~ 2006 : <\/strong>Premi\u00e8res d\u00e9couvertes de l\u2019\u00e9criture et de la photographie.<\/li>\n<\/ul>\n<p>[\/et_pb_text][\/et_pb_column][\/et_pb_row][et_pb_row _builder_version=\u00a0\u00bb4.24.2&Prime; _module_preset=\u00a0\u00bbdefault\u00a0\u00bb global_colors_info=\u00a0\u00bb{}\u00a0\u00bb][et_pb_column type=\u00a0\u00bb4_4&Prime; _builder_version=\u00a0\u00bb4.24.2&Prime; _module_preset=\u00a0\u00bbdefault\u00a0\u00bb global_colors_info=\u00a0\u00bb{}\u00a0\u00bb][et_pb_gallery gallery_ids=\u00a0\u00bb1271,1278,1275&Prime; fullwidth=\u00a0\u00bbon\u00a0\u00bb _builder_version=\u00a0\u00bb4.27.6&Prime; _module_preset=\u00a0\u00bbdefault\u00a0\u00bb width=\u00a0\u00bb87.8%\u00a0\u00bb custom_margin=\u00a0\u00bb|60px||60px|false|true\u00a0\u00bb custom_padding=\u00a0\u00bb|25px|0px|25px|false|true\u00a0\u00bb global_colors_info=\u00a0\u00bb{}\u00a0\u00bb][\/et_pb_gallery][et_pb_text _builder_version=\u00a0\u00bb4.27.6&Prime; _module_preset=\u00a0\u00bbdefault\u00a0\u00bb custom_margin=\u00a0\u00bb-27px|||||\u00a0\u00bb custom_padding=\u00a0\u00bb6px|||||\u00a0\u00bb global_colors_info=\u00a0\u00bb{}\u00a0\u00bb]<\/p>\n<p style=\"text-align: center;\"><strong>L&rsquo;atelier des Mots reli\u00e9s<\/strong><\/p>\n<p>[\/et_pb_text][et_pb_toggle title=\u00a0\u00bbCr\u00e9er des ponts : l&rsquo;histoire avant Les Mots reli\u00e9s\u00a0\u00bb open_toggle_background_color=\u00a0\u00bbRGBA(255,255,255,0)\u00a0\u00bb closed_toggle_text_color=\u00a0\u00bb#000000&Prime; closed_toggle_background_color=\u00a0\u00bbRGBA(255,255,255,0)\u00a0\u00bb icon_color=\u00a0\u00bb#000000&Prime; toggle_icon=\u00a0\u00bb&#x3f;||divi||400&Prime; use_icon_font_size=\u00a0\u00bbon\u00a0\u00bb icon_font_size=\u00a0\u00bb45px\u00a0\u00bb open_icon_color=\u00a0\u00bb#000000&Prime; open_toggle_icon=\u00a0\u00bb&#x3e;||divi||400&Prime; open_use_icon_font_size=\u00a0\u00bbon\u00a0\u00bb open_icon_font_size=\u00a0\u00bb45px\u00a0\u00bb _builder_version=\u00a0\u00bb4.27.6&Prime; _module_preset=\u00a0\u00bbdefault\u00a0\u00bb title_level=\u00a0\u00bbh6&Prime; title_text_align=\u00a0\u00bbcenter\u00a0\u00bb hover_enabled=\u00a0\u00bb0&Prime; box_shadow_style=\u00a0\u00bbpreset1&Prime; global_colors_info=\u00a0\u00bb{}\u00a0\u00bb sticky_enabled=\u00a0\u00bb0&Prime;]<\/p>\n<p>L&rsquo;\u00e9lan rassembleur qui caract\u00e9rise Les Mots reli\u00e9s ne date pas de la cr\u00e9ation de l\u2019entreprise. J\u2019ai, je crois, toujours eu le r\u00e9flexe de cr\u00e9er des ponts entre mes divers centres d\u2019int\u00e9r\u00eats, aussi proches ou \u00e9loign\u00e9s soient-ils : \u00e9criture et photographie, lecture et observation des oiseaux ou du ciel, reliure et escrime artistique, arts et protection de la nature\u2026 J\u2019ai grandi en campagne et j\u2019avais une petite dizaine d\u2019ann\u00e9es quand j\u2019ai commenc\u00e9 \u00e0 coucher sur le papier mes histoires d\u2019enfant et, dans le m\u00eame temps, \u00e0 prendre en photo tout ce qui, dans la nature environnante, attirait mon \u0153il de myope. La naissance de deux passions unies par une m\u00eame source d\u2019inspiration : la nature, sa beaut\u00e9 et la n\u00e9cessit\u00e9 de sa protection.<\/p>\n<p>Quelques ann\u00e9es plus tard, un bac litt\u00e9raire sp\u00e9cialit\u00e9 Arts plastiques puis une licence Lettres Modernes et une L3 Lettres et Arts sont venus renforcer mon int\u00e9r\u00eat pour les liens entre les lettres et les autres arts, tandis qu\u2019un an de Volontariat \u00e9cologique franco-allemand \u2013 int\u00e9gr\u00e9 \u00e0 mes \u00e9tudes litt\u00e9raires en tant qu\u2019ann\u00e9e de c\u00e9sure malgr\u00e9 l\u2019apparent grand-\u00e9cart des disciplines \u2013 a donn\u00e9 du grain \u00e0 moudre \u00e0 ma fibre \u00e9cologiste et a nourri ma cr\u00e9ativit\u00e9. C\u2019est \u00e0 l\u2019occasion de ces \u00e9tudes transdisciplinaires que j&rsquo;ai d\u00e9couvert la reliure, gr\u00e2ce d\u2019abord \u00e0 un cours d\u2019\u00e9dition puis \u00e0 un stage chez un relieur professionnel, M. Robert Campourcy, pr\u00e8s de Toulouse.<\/p>\n<p>J\u2019ai ensuite int\u00e9gr\u00e9 le master Cr\u00e9ation litt\u00e9raire M\u00e9tiers de l\u2019\u00e9criture de Toulouse et, de 2019 \u00e0 2022, j\u2019y ai diversifi\u00e9 ma pratique de l\u2019\u00e9criture, et j\u2019y ai appris \u00e0 corriger des textes, \u00e0 animer des ateliers d\u2019\u00e9criture et des rencontres d\u2019auteurs, \u00e0 cr\u00e9er une pi\u00e8ce de th\u00e9\u00e2tre, entre autres choses. Et, en parall\u00e8le de ma derni\u00e8re ann\u00e9e, en 2021-2022, j&rsquo;ai choisi de suivre aussi une formation au CAP Arts de la reliure aupr\u00e8s de M. Campourcy, pour non plus seulement d\u00e9couvrir mais v\u00e9ritablement apprendre mon futur m\u00e9tier de relieuse.<\/p>\n<p>Avec ce CAP et ce master, j\u2019ai acquis ainsi toutes les connaissances n\u00e9cessaires \u00e0 la suite : relier, encore, toutes mes passions et mes comp\u00e9tences diverses en un m\u00e9tier nouveau, hybride et multiple. Ainsi na\u00eet Les Mots reli\u00e9s.<\/p>\n<p>[\/et_pb_toggle][\/et_pb_column][\/et_pb_row][\/et_pb_section]<\/p>\n","protected":false},"excerpt":{"rendered":"<p>Des livres dans les mains, des histoires dans la t\u00eate, la nature dans les yeux. Et plein de couleurs dans le c\u0153ur ! Enchant\u00e9e, moi c&rsquo;est Cl\u00e9mence Givonetti. Et vous ?Relier. Les livres, bien s\u00fbr, mais aussi les activit\u00e9s, les passions. Voil\u00e0 l\u2019\u00e9lan \u00e0 l\u2019origine des Mots reli\u00e9s. Install\u00e9e depuis juillet 2023 \u00e0 Gr\u00e8zes, un [&hellip;]<\/p>\n","protected":false},"author":2,"featured_media":0,"parent":0,"menu_order":0,"comment_status":"closed","ping_status":"closed","template":"","meta":{"_et_pb_use_builder":"on","_et_pb_old_content":"<!-- wp:divi\/placeholder \/-->","_et_gb_content_width":"","footnotes":""},"class_list":["post-77","page","type-page","status-publish","hentry"],"yoast_head":"<!-- This site is optimized with the Yoast SEO plugin v27.4 - https:\/\/yoast.com\/product\/yoast-seo-wordpress\/ -->\n<title>Qui suis-je ? - Les Mots Reli\u00e9s<\/title>\n<meta name=\"description\" content=\"Des livres dans les mains, des histoires dans la t\u00eate, la nature dans le c\u0153ur. Enchant\u00e9e, moi c&#039;est Cl\u00e9mence Givonetti, et vous ?\" \/>\n<meta name=\"robots\" content=\"index, follow, max-snippet:-1, max-image-preview:large, max-video-preview:-1\" \/>\n<link rel=\"canonical\" href=\"https:\/\/lesmotsrelies.fr\/index.php\/qui-suis-je\/\" \/>\n<meta property=\"og:locale\" content=\"fr_FR\" \/>\n<meta property=\"og:type\" content=\"article\" \/>\n<meta property=\"og:title\" content=\"Qui suis-je ? - Les Mots Reli\u00e9s\" \/>\n<meta property=\"og:description\" content=\"Des livres dans les mains, des histoires dans la t\u00eate, la nature dans le c\u0153ur. Enchant\u00e9e, moi c&#039;est Cl\u00e9mence Givonetti, et vous ?\" \/>\n<meta property=\"og:url\" content=\"https:\/\/lesmotsrelies.fr\/index.php\/qui-suis-je\/\" \/>\n<meta property=\"og:site_name\" content=\"Les Mots Reli\u00e9s\" \/>\n<meta property=\"article:modified_time\" content=\"2026-03-10T23:04:58+00:00\" \/>\n<meta name=\"twitter:card\" content=\"summary_large_image\" \/>\n<meta name=\"twitter:label1\" content=\"Dur\u00e9e de lecture estim\u00e9e\" \/>\n\t<meta name=\"twitter:data1\" content=\"5 minutes\" \/>\n<script type=\"application\/ld+json\" class=\"yoast-schema-graph\">{\"@context\":\"https:\\\/\\\/schema.org\",\"@graph\":[{\"@type\":[\"WebPage\",\"AboutPage\"],\"@id\":\"https:\\\/\\\/lesmotsrelies.fr\\\/index.php\\\/qui-suis-je\\\/\",\"url\":\"https:\\\/\\\/lesmotsrelies.fr\\\/index.php\\\/qui-suis-je\\\/\",\"name\":\"Qui suis-je ? - Les Mots Reli\u00e9s\",\"isPartOf\":{\"@id\":\"https:\\\/\\\/lesmotsrelies.fr\\\/#website\"},\"datePublished\":\"2024-01-08T14:39:01+00:00\",\"dateModified\":\"2026-03-10T23:04:58+00:00\",\"description\":\"Des livres dans les mains, des histoires dans la t\u00eate, la nature dans le c\u0153ur. Enchant\u00e9e, moi c'est Cl\u00e9mence Givonetti, et vous ?\",\"breadcrumb\":{\"@id\":\"https:\\\/\\\/lesmotsrelies.fr\\\/index.php\\\/qui-suis-je\\\/#breadcrumb\"},\"inLanguage\":\"fr-FR\",\"potentialAction\":[{\"@type\":\"ReadAction\",\"target\":[\"https:\\\/\\\/lesmotsrelies.fr\\\/index.php\\\/qui-suis-je\\\/\"]}]},{\"@type\":\"BreadcrumbList\",\"@id\":\"https:\\\/\\\/lesmotsrelies.fr\\\/index.php\\\/qui-suis-je\\\/#breadcrumb\",\"itemListElement\":[{\"@type\":\"ListItem\",\"position\":1,\"name\":\"Accueil\",\"item\":\"https:\\\/\\\/lesmotsrelies.fr\\\/\"},{\"@type\":\"ListItem\",\"position\":2,\"name\":\"Qui suis-je ?\"}]},{\"@type\":\"WebSite\",\"@id\":\"https:\\\/\\\/lesmotsrelies.fr\\\/#website\",\"url\":\"https:\\\/\\\/lesmotsrelies.fr\\\/\",\"name\":\"Les Mots Reli\u00e9s\",\"description\":\"Sur le chemin de cr\u00e9ation des livres\",\"publisher\":{\"@id\":\"https:\\\/\\\/lesmotsrelies.fr\\\/#organization\"},\"alternateName\":\"Cl\u00e9mence Givonetti\",\"potentialAction\":[{\"@type\":\"SearchAction\",\"target\":{\"@type\":\"EntryPoint\",\"urlTemplate\":\"https:\\\/\\\/lesmotsrelies.fr\\\/?s={search_term_string}\"},\"query-input\":{\"@type\":\"PropertyValueSpecification\",\"valueRequired\":true,\"valueName\":\"search_term_string\"}}],\"inLanguage\":\"fr-FR\"},{\"@type\":\"Organization\",\"@id\":\"https:\\\/\\\/lesmotsrelies.fr\\\/#organization\",\"name\":\"Les Mots Reli\u00e9s\",\"alternateName\":\"Cl\u00e9mence Givonetti\",\"url\":\"https:\\\/\\\/lesmotsrelies.fr\\\/\",\"logo\":{\"@type\":\"ImageObject\",\"inLanguage\":\"fr-FR\",\"@id\":\"https:\\\/\\\/lesmotsrelies.fr\\\/#\\\/schema\\\/logo\\\/image\\\/\",\"url\":\"https:\\\/\\\/lesmotsrelies.fr\\\/wp-content\\\/uploads\\\/2024\\\/01\\\/image1696763147700.png\",\"contentUrl\":\"https:\\\/\\\/lesmotsrelies.fr\\\/wp-content\\\/uploads\\\/2024\\\/01\\\/image1696763147700.png\",\"width\":200,\"height\":178,\"caption\":\"Les Mots Reli\u00e9s\"},\"image\":{\"@id\":\"https:\\\/\\\/lesmotsrelies.fr\\\/#\\\/schema\\\/logo\\\/image\\\/\"}}]}<\/script>\n<!-- \/ Yoast SEO plugin. -->","yoast_head_json":{"title":"Qui suis-je ? - Les Mots Reli\u00e9s","description":"Des livres dans les mains, des histoires dans la t\u00eate, la nature dans le c\u0153ur. Enchant\u00e9e, moi c'est Cl\u00e9mence Givonetti, et vous ?","robots":{"index":"index","follow":"follow","max-snippet":"max-snippet:-1","max-image-preview":"max-image-preview:large","max-video-preview":"max-video-preview:-1"},"canonical":"https:\/\/lesmotsrelies.fr\/index.php\/qui-suis-je\/","og_locale":"fr_FR","og_type":"article","og_title":"Qui suis-je ? - Les Mots Reli\u00e9s","og_description":"Des livres dans les mains, des histoires dans la t\u00eate, la nature dans le c\u0153ur. Enchant\u00e9e, moi c'est Cl\u00e9mence Givonetti, et vous ?","og_url":"https:\/\/lesmotsrelies.fr\/index.php\/qui-suis-je\/","og_site_name":"Les Mots Reli\u00e9s","article_modified_time":"2026-03-10T23:04:58+00:00","twitter_card":"summary_large_image","twitter_misc":{"Dur\u00e9e de lecture estim\u00e9e":"5 minutes"},"schema":{"@context":"https:\/\/schema.org","@graph":[{"@type":["WebPage","AboutPage"],"@id":"https:\/\/lesmotsrelies.fr\/index.php\/qui-suis-je\/","url":"https:\/\/lesmotsrelies.fr\/index.php\/qui-suis-je\/","name":"Qui suis-je ? - Les Mots Reli\u00e9s","isPartOf":{"@id":"https:\/\/lesmotsrelies.fr\/#website"},"datePublished":"2024-01-08T14:39:01+00:00","dateModified":"2026-03-10T23:04:58+00:00","description":"Des livres dans les mains, des histoires dans la t\u00eate, la nature dans le c\u0153ur. Enchant\u00e9e, moi c'est Cl\u00e9mence Givonetti, et vous ?","breadcrumb":{"@id":"https:\/\/lesmotsrelies.fr\/index.php\/qui-suis-je\/#breadcrumb"},"inLanguage":"fr-FR","potentialAction":[{"@type":"ReadAction","target":["https:\/\/lesmotsrelies.fr\/index.php\/qui-suis-je\/"]}]},{"@type":"BreadcrumbList","@id":"https:\/\/lesmotsrelies.fr\/index.php\/qui-suis-je\/#breadcrumb","itemListElement":[{"@type":"ListItem","position":1,"name":"Accueil","item":"https:\/\/lesmotsrelies.fr\/"},{"@type":"ListItem","position":2,"name":"Qui suis-je ?"}]},{"@type":"WebSite","@id":"https:\/\/lesmotsrelies.fr\/#website","url":"https:\/\/lesmotsrelies.fr\/","name":"Les Mots Reli\u00e9s","description":"Sur le chemin de cr\u00e9ation des livres","publisher":{"@id":"https:\/\/lesmotsrelies.fr\/#organization"},"alternateName":"Cl\u00e9mence Givonetti","potentialAction":[{"@type":"SearchAction","target":{"@type":"EntryPoint","urlTemplate":"https:\/\/lesmotsrelies.fr\/?s={search_term_string}"},"query-input":{"@type":"PropertyValueSpecification","valueRequired":true,"valueName":"search_term_string"}}],"inLanguage":"fr-FR"},{"@type":"Organization","@id":"https:\/\/lesmotsrelies.fr\/#organization","name":"Les Mots Reli\u00e9s","alternateName":"Cl\u00e9mence Givonetti","url":"https:\/\/lesmotsrelies.fr\/","logo":{"@type":"ImageObject","inLanguage":"fr-FR","@id":"https:\/\/lesmotsrelies.fr\/#\/schema\/logo\/image\/","url":"https:\/\/lesmotsrelies.fr\/wp-content\/uploads\/2024\/01\/image1696763147700.png","contentUrl":"https:\/\/lesmotsrelies.fr\/wp-content\/uploads\/2024\/01\/image1696763147700.png","width":200,"height":178,"caption":"Les Mots Reli\u00e9s"},"image":{"@id":"https:\/\/lesmotsrelies.fr\/#\/schema\/logo\/image\/"}}]}},"_links":{"self":[{"href":"https:\/\/lesmotsrelies.fr\/index.php\/wp-json\/wp\/v2\/pages\/77","targetHints":{"allow":["GET"]}}],"collection":[{"href":"https:\/\/lesmotsrelies.fr\/index.php\/wp-json\/wp\/v2\/pages"}],"about":[{"href":"https:\/\/lesmotsrelies.fr\/index.php\/wp-json\/wp\/v2\/types\/page"}],"author":[{"embeddable":true,"href":"https:\/\/lesmotsrelies.fr\/index.php\/wp-json\/wp\/v2\/users\/2"}],"replies":[{"embeddable":true,"href":"https:\/\/lesmotsrelies.fr\/index.php\/wp-json\/wp\/v2\/comments?post=77"}],"version-history":[{"count":31,"href":"https:\/\/lesmotsrelies.fr\/index.php\/wp-json\/wp\/v2\/pages\/77\/revisions"}],"predecessor-version":[{"id":1301,"href":"https:\/\/lesmotsrelies.fr\/index.php\/wp-json\/wp\/v2\/pages\/77\/revisions\/1301"}],"wp:attachment":[{"href":"https:\/\/lesmotsrelies.fr\/index.php\/wp-json\/wp\/v2\/media?parent=77"}],"curies":[{"name":"wp","href":"https:\/\/api.w.org\/{rel}","templated":true}]}}