{"id":57,"date":"2024-01-08T15:17:35","date_gmt":"2024-01-08T14:17:35","guid":{"rendered":"https:\/\/lesmotsrelies.fr\/?page_id=57"},"modified":"2024-04-01T09:59:21","modified_gmt":"2024-04-01T07:59:21","slug":"tarifs-corrections","status":"publish","type":"page","link":"https:\/\/lesmotsrelies.fr\/index.php\/correction\/tarifs-corrections\/","title":{"rendered":"Tarifs Corrections"},"content":{"rendered":"<p>[et_pb_section fb_built=\u00a0\u00bb1&Prime; _builder_version=\u00a0\u00bb4.24.2&Prime; _module_preset=\u00a0\u00bbdefault\u00a0\u00bb background_image=\u00a0\u00bbhttps:\/\/lesmotsrelies.fr\/wp-content\/uploads\/2024\/03\/Tarifs-correction-scaled.jpg\u00a0\u00bb custom_padding=\u00a0\u00bb150px||150px|||\u00a0\u00bb global_colors_info=\u00a0\u00bb{}\u00a0\u00bb][et_pb_row _builder_version=\u00a0\u00bb4.24.0&Prime; _module_preset=\u00a0\u00bbdefault\u00a0\u00bb global_colors_info=\u00a0\u00bb{}\u00a0\u00bb][et_pb_column type=\u00a0\u00bb4_4&Prime; _builder_version=\u00a0\u00bb4.24.2&Prime; _module_preset=\u00a0\u00bbdefault\u00a0\u00bb global_colors_info=\u00a0\u00bb{}\u00a0\u00bb][et_pb_post_title meta=\u00a0\u00bboff\u00a0\u00bb _builder_version=\u00a0\u00bb4.24.2&Prime; _module_preset=\u00a0\u00bbdefault\u00a0\u00bb title_font=\u00a0\u00bb||||||||\u00a0\u00bb title_text_align=\u00a0\u00bbcenter\u00a0\u00bb title_text_color=\u00a0\u00bb#6b0000&Prime; title_font_size_tablet=\u00a0\u00bb\u00a0\u00bb title_font_size_phone=\u00a0\u00bb60px\u00a0\u00bb title_font_size_last_edited=\u00a0\u00bbon|phone\u00a0\u00bb title_text_shadow_style=\u00a0\u00bbpreset3&Prime; title_text_shadow_color=\u00a0\u00bb#f3ffcc\u00a0\u00bb global_colors_info=\u00a0\u00bb{}\u00a0\u00bb][\/et_pb_post_title][\/et_pb_column][\/et_pb_row][\/et_pb_section][et_pb_section fb_built=\u00a0\u00bb1&Prime; _builder_version=\u00a0\u00bb4.23.4&Prime; _module_preset=\u00a0\u00bbdefault\u00a0\u00bb background_color=\u00a0\u00bbRGBA(255,255,255,0)\u00a0\u00bb custom_padding=\u00a0\u00bb30px|||||\u00a0\u00bb global_colors_info=\u00a0\u00bb{}\u00a0\u00bb][et_pb_row _builder_version=\u00a0\u00bb4.23.4&Prime; _module_preset=\u00a0\u00bbdefault\u00a0\u00bb custom_margin=\u00a0\u00bb1px|auto||auto||\u00a0\u00bb custom_padding=\u00a0\u00bb0px||0px|||\u00a0\u00bb global_colors_info=\u00a0\u00bb{}\u00a0\u00bb][et_pb_column type=\u00a0\u00bb4_4&Prime; _builder_version=\u00a0\u00bb4.23.4&Prime; _module_preset=\u00a0\u00bbdefault\u00a0\u00bb global_colors_info=\u00a0\u00bb{}\u00a0\u00bb][et_pb_text _builder_version=\u00a0\u00bb4.23.4&Prime; _module_preset=\u00a0\u00bbdefault\u00a0\u00bb custom_padding=\u00a0\u00bb||0px|||\u00a0\u00bb global_colors_info=\u00a0\u00bb{}\u00a0\u00bb]<\/p>\n<p>Chaque correction est unique, va demander plus ou moins de travail, plus ou moins de temps. Alors, pour avoir une base de calcul stable, j\u2019ai \u00e9tabli un tarif horaire fixe\u00a0: 18\u20ac de l\u2019heure. \u00c0 partir de l\u00e0, ce qui va varier, c\u2019est le nombre de signes, espaces comprises (oui, en typographie, \u00ab\u00a0espace\u00a0\u00bb est un nom f\u00e9minin) que je vais lire et corriger par heure et donc le nombre d\u2019heures que la correction va me prendre.<\/p>\n<p>Et cela va d\u00e9pendre d\u2019un certain nombre d\u2019\u00e9l\u00e9ments\u00a0: la longueur du texte et le type de prestation, bien s\u00fbr (vous imaginez bien que ce n\u2019est pas la m\u00eame chose de corriger une lettre ou un roman, ni de faire un avis de lecture ou une pr\u00e9paration de copie) mais aussi la complexit\u00e9 de l\u2019\u00e9criture et la quantit\u00e9 de travail \u00e0 faire (\u00e0 nombre de signes \u00e9gal, un rapport technique prendra plus de temps qu\u2019un livre jeunesse, et un brouillon de premier jet davantage qu\u2019une \u00e9preuve finale).<\/p>\n<p>C\u2019est en cela que chaque correction est unique et c\u2019est pour cela que je fonctionne par devis personnalis\u00e9 <em>indicatif<\/em>, dont le montant, d\u2019abord d\u00e9fini \u00e0 partir d\u2019un extrait de votre projet, est ensuite ajust\u00e9, en fin de correction, au temps r\u00e9el de travail.<\/p>\n<p>[\/et_pb_text][\/et_pb_column][\/et_pb_row][et_pb_row column_structure=\u00a0\u00bb1_2,1_2&Prime; _builder_version=\u00a0\u00bb4.24.2&Prime; _module_preset=\u00a0\u00bbdefault\u00a0\u00bb custom_padding=\u00a0\u00bb15px||0px|||\u00a0\u00bb global_colors_info=\u00a0\u00bb{}\u00a0\u00bb][et_pb_column type=\u00a0\u00bb1_2&Prime; _builder_version=\u00a0\u00bb4.24.2&Prime; _module_preset=\u00a0\u00bbdefault\u00a0\u00bb global_colors_info=\u00a0\u00bb{}\u00a0\u00bb][et_pb_text _builder_version=\u00a0\u00bb4.24.2&Prime; _module_preset=\u00a0\u00bbdefault\u00a0\u00bb hover_enabled=\u00a0\u00bb0&Prime; global_colors_info=\u00a0\u00bb{}\u00a0\u00bb sticky_enabled=\u00a0\u00bb0&Prime;]<\/p>\n<p>Mais pour vous faire une id\u00e9e, on consid\u00e8re que les moyennes de travail sont de 10 000-15 000 signes espaces comprises par heure sur une correction approfondie standard et 6 000-9 000 signes espaces comprises par heure sur une pr\u00e9paration de copie. Sachant que 1 page A4 fait en moyenne 500 mots soit environ 3 000 signes espaces comprises (~2 500 signes espaces non comprises), cela fait grosso-modo entre 3 et 5 pages, soit 1 500 \u00e0 2 500 mots par heure en correction approfondie, et entre 2 et 3 pages, soit 1 000 \u00e0 1 500 mots par heure en pr\u00e9paration de copie.<\/p>\n<p><strong>Comment conna\u00eetre le nombre de signes de votre texte ?<\/strong><\/p>\n<p>Sur les logiciels de traitement de texte (Word, LibreOffice, OpenOffice\u2026), le nombre de mots et de signes espaces comprises est le plus souvent indiqu\u00e9 dans la barre d\u2019\u00e9tat en bas de votre fen\u00eatre, \u00e0 c\u00f4t\u00e9 du nombre de pages de votre document. Vous pouvez aussi le trouver dans le menu : Outils \u2192 Nombre de mots.<\/p>\n<p>[\/et_pb_text][\/et_pb_column][et_pb_column type=\u00a0\u00bb1_2&Prime; _builder_version=\u00a0\u00bb4.24.2&Prime; _module_preset=\u00a0\u00bbdefault\u00a0\u00bb global_colors_info=\u00a0\u00bb{}\u00a0\u00bb][et_pb_image src=\u00a0\u00bbhttps:\/\/lesmotsrelies.fr\/wp-content\/uploads\/2024\/03\/Nombre-mots-et-caracteres-sous-LibreOffice-Writer.png\u00a0\u00bb title_text=\u00a0\u00bbNombre mots et caract\u00e8res sous LibreOffice Writer\u00a0\u00bb show_in_lightbox=\u00a0\u00bbon\u00a0\u00bb _builder_version=\u00a0\u00bb4.24.2&Prime; _module_preset=\u00a0\u00bbdefault\u00a0\u00bb custom_margin=\u00a0\u00bb-21px||4px|||\u00a0\u00bb global_colors_info=\u00a0\u00bb{}\u00a0\u00bb][\/et_pb_image][et_pb_text _builder_version=\u00a0\u00bb4.24.2&Prime; _module_preset=\u00a0\u00bbdefault\u00a0\u00bb custom_padding=\u00a0\u00bb||50px|||\u00a0\u00bb hover_enabled=\u00a0\u00bb0&Prime; global_colors_info=\u00a0\u00bb{}\u00a0\u00bb sticky_enabled=\u00a0\u00bb0&Prime;]<\/p>\n<p style=\"text-align: center; text-indent: 0pt !important;\"><strong>Sous LibreOffice Writer et Word, vous pouvez voir le d\u00e9tail de votre nombre de mots, et de caract\u00e8res espaces comprises et non comprises, en cliquant sur les chiffres correspondants en bas de votre fen\u00eatre.<\/strong><\/p>\n<p>[\/et_pb_text][\/et_pb_column][\/et_pb_row][et_pb_row _builder_version=\u00a0\u00bb4.24.2&Prime; _module_preset=\u00a0\u00bbdefault\u00a0\u00bb custom_padding=\u00a0\u00bb7px|||||\u00a0\u00bb global_colors_info=\u00a0\u00bb{}\u00a0\u00bb][et_pb_column type=\u00a0\u00bb4_4&Prime; _builder_version=\u00a0\u00bb4.24.2&Prime; _module_preset=\u00a0\u00bbdefault\u00a0\u00bb global_colors_info=\u00a0\u00bb{}\u00a0\u00bb][et_pb_text _builder_version=\u00a0\u00bb4.24.2&Prime; _module_preset=\u00a0\u00bbdefault\u00a0\u00bb global_colors_info=\u00a0\u00bb{}\u00a0\u00bb]<\/p>\n<h5 style=\"text-align: center;\">Comment faire pour avoir un devis et me transmettre votre texte ?<\/h5>\n<p>[\/et_pb_text][\/et_pb_column][\/et_pb_row][et_pb_row column_structure=\u00a0\u00bb3_4,1_4&Prime; _builder_version=\u00a0\u00bb4.24.2&Prime; _module_preset=\u00a0\u00bbdefault\u00a0\u00bb custom_margin=\u00a0\u00bb-21px|auto||auto||\u00a0\u00bb custom_padding=\u00a0\u00bb0px||0px|||\u00a0\u00bb global_colors_info=\u00a0\u00bb{}\u00a0\u00bb][et_pb_column type=\u00a0\u00bb3_4&Prime; _builder_version=\u00a0\u00bb4.24.2&Prime; _module_preset=\u00a0\u00bbdefault\u00a0\u00bb global_colors_info=\u00a0\u00bb{}\u00a0\u00bb][et_pb_text _builder_version=\u00a0\u00bb4.24.2&Prime; _module_preset=\u00a0\u00bbdefault\u00a0\u00bb min_height=\u00a0\u00bb345.8px\u00a0\u00bb custom_margin=\u00a0\u00bb-5px|||||\u00a0\u00bb custom_padding=\u00a0\u00bb0px|||||\u00a0\u00bb global_colors_info=\u00a0\u00bb{}\u00a0\u00bb]<\/p>\n<p>&nbsp;<\/p>\n<p>Lors des premiers <a href=\"https:\/\/lesmotsrelies.fr\/index.php\/contacts\/\">contacts<\/a> qui vont nous permettre de d\u00e9finir ensemble le type de prestation que vous souhaitez, envoyez-moi 5 \u00e0 10 pages de votre texte pour que je me fasse une id\u00e9e du temps de travail n\u00e9cessaire et des \u00e9ventuelles difficult\u00e9s que je pourrais rencontrer (dans le cas de petits textes de moins de 10 pages, soit nos discussions de premier contact suffiront \u00e0 \u00e9tablir un devis, soit je vous demanderai de me transmettre seulement quelques pages en exemple). Cet envoi ne vous engage \u00e0 rien, il va simplement me permettre de vous proposer un devis indicatif au plus pr\u00e8s de votre projet.<\/p>\n<p>Une fois le devis sign\u00e9 de votre part et ainsi valid\u00e9, vous pouvez m\u2019envoyer la totalit\u00e9 du texte \u00e0 corriger soit en version \u00e9lectronique par mail, aux formats PDF ou traitement de texte (.doc ou .odt), soit en version papier par courrier (dans ce cas, les frais postaux de renvoi de votre manuscrit une fois corrig\u00e9 s\u2019ajouteront au co\u00fbt de la correction).<\/p>\n<p>[\/et_pb_text][\/et_pb_column][et_pb_column type=\u00a0\u00bb1_4&Prime; _builder_version=\u00a0\u00bb4.24.2&Prime; _module_preset=\u00a0\u00bbdefault\u00a0\u00bb global_colors_info=\u00a0\u00bb{}\u00a0\u00bb][et_pb_text _builder_version=\u00a0\u00bb4.24.2&Prime; _module_preset=\u00a0\u00bbdefault\u00a0\u00bb header_6_font_size=\u00a0\u00bb16px\u00a0\u00bb header_6_line_height=\u00a0\u00bb1.2em\u00a0\u00bb custom_padding=\u00a0\u00bb10px|10px||10px|false|false\u00a0\u00bb box_shadow_style=\u00a0\u00bbpreset1&Prime; box_shadow_color=\u00a0\u00bb#6b0000&Prime; global_colors_info=\u00a0\u00bb{}\u00a0\u00bb]<\/p>\n<h6 style=\"text-align: justify;\">\u00a0<span style=\"font-size: large;\"><strong>Petit conseil :<\/strong><\/span> Relisez-vous avant de m\u2019envoyer quoi que ce soit. Je sais que ce n\u2019est pas toujours l\u2019\u00e9tape la plus agr\u00e9able mais, m\u00eame si ne voyez pas tout, cela vous permettra d\u00e9j\u00e0 de corriger vous-m\u00eame quelques fautes de frappe ou d\u2019inattention et ainsi de nous faire gagner, \u00e0 moi, du temps de correction, et donc \u00e0 vous, de l\u2019argent.<\/h6>\n<p>[\/et_pb_text][\/et_pb_column][\/et_pb_row][\/et_pb_section]<\/p>\n","protected":false},"excerpt":{"rendered":"<p>Chaque correction est unique, va demander plus ou moins de travail, plus ou moins de temps. Alors, pour avoir une base de calcul stable, j\u2019ai \u00e9tabli un tarif horaire fixe\u00a0: 18\u20ac de l\u2019heure. \u00c0 partir de l\u00e0, ce qui va varier, c\u2019est le nombre de signes, espaces comprises (oui, en typographie, \u00ab\u00a0espace\u00a0\u00bb est un nom [&hellip;]<\/p>\n","protected":false},"author":2,"featured_media":0,"parent":16,"menu_order":0,"comment_status":"closed","ping_status":"closed","template":"","meta":{"_et_pb_use_builder":"on","_et_pb_old_content":"","_et_gb_content_width":"","footnotes":""},"class_list":["post-57","page","type-page","status-publish","hentry"],"yoast_head":"<!-- This site is optimized with the Yoast SEO plugin v27.4 - https:\/\/yoast.com\/product\/yoast-seo-wordpress\/ -->\n<title>Tarifs Corrections - Les Mots Reli\u00e9s<\/title>\n<meta name=\"description\" content=\"Le tarif de chaque correction va d\u00e9pendre du type de prestation, de la longueur du texte, de sa complexit\u00e9, de la quantit\u00e9 de travail \u00e0 faire.\" \/>\n<meta name=\"robots\" content=\"index, follow, max-snippet:-1, max-image-preview:large, max-video-preview:-1\" \/>\n<link rel=\"canonical\" href=\"https:\/\/lesmotsrelies.fr\/index.php\/correction\/tarifs-corrections\/\" \/>\n<meta property=\"og:locale\" content=\"fr_FR\" \/>\n<meta property=\"og:type\" content=\"article\" \/>\n<meta property=\"og:title\" content=\"Tarifs Corrections - Les Mots Reli\u00e9s\" \/>\n<meta property=\"og:description\" content=\"Le tarif de chaque correction va d\u00e9pendre du type de prestation, de la longueur du texte, de sa complexit\u00e9, de la quantit\u00e9 de travail \u00e0 faire.\" \/>\n<meta property=\"og:url\" content=\"https:\/\/lesmotsrelies.fr\/index.php\/correction\/tarifs-corrections\/\" \/>\n<meta property=\"og:site_name\" content=\"Les Mots Reli\u00e9s\" \/>\n<meta property=\"article:modified_time\" content=\"2024-04-01T07:59:21+00:00\" \/>\n<meta name=\"twitter:card\" content=\"summary_large_image\" \/>\n<meta name=\"twitter:label1\" content=\"Dur\u00e9e de lecture estim\u00e9e\" \/>\n\t<meta name=\"twitter:data1\" content=\"4 minutes\" \/>\n<script type=\"application\/ld+json\" class=\"yoast-schema-graph\">{\"@context\":\"https:\\\/\\\/schema.org\",\"@graph\":[{\"@type\":\"WebPage\",\"@id\":\"https:\\\/\\\/lesmotsrelies.fr\\\/index.php\\\/correction\\\/tarifs-corrections\\\/\",\"url\":\"https:\\\/\\\/lesmotsrelies.fr\\\/index.php\\\/correction\\\/tarifs-corrections\\\/\",\"name\":\"Tarifs Corrections - Les Mots Reli\u00e9s\",\"isPartOf\":{\"@id\":\"https:\\\/\\\/lesmotsrelies.fr\\\/#website\"},\"datePublished\":\"2024-01-08T14:17:35+00:00\",\"dateModified\":\"2024-04-01T07:59:21+00:00\",\"description\":\"Le tarif de chaque correction va d\u00e9pendre du type de prestation, de la longueur du texte, de sa complexit\u00e9, de la quantit\u00e9 de travail \u00e0 faire.\",\"breadcrumb\":{\"@id\":\"https:\\\/\\\/lesmotsrelies.fr\\\/index.php\\\/correction\\\/tarifs-corrections\\\/#breadcrumb\"},\"inLanguage\":\"fr-FR\",\"potentialAction\":[{\"@type\":\"ReadAction\",\"target\":[\"https:\\\/\\\/lesmotsrelies.fr\\\/index.php\\\/correction\\\/tarifs-corrections\\\/\"]}]},{\"@type\":\"BreadcrumbList\",\"@id\":\"https:\\\/\\\/lesmotsrelies.fr\\\/index.php\\\/correction\\\/tarifs-corrections\\\/#breadcrumb\",\"itemListElement\":[{\"@type\":\"ListItem\",\"position\":1,\"name\":\"Accueil\",\"item\":\"https:\\\/\\\/lesmotsrelies.fr\\\/\"},{\"@type\":\"ListItem\",\"position\":2,\"name\":\"Correction\",\"item\":\"https:\\\/\\\/lesmotsrelies.fr\\\/index.php\\\/correction\\\/\"},{\"@type\":\"ListItem\",\"position\":3,\"name\":\"Tarifs Corrections\"}]},{\"@type\":\"WebSite\",\"@id\":\"https:\\\/\\\/lesmotsrelies.fr\\\/#website\",\"url\":\"https:\\\/\\\/lesmotsrelies.fr\\\/\",\"name\":\"Les Mots Reli\u00e9s\",\"description\":\"Sur le chemin de cr\u00e9ation des livres\",\"publisher\":{\"@id\":\"https:\\\/\\\/lesmotsrelies.fr\\\/#organization\"},\"alternateName\":\"Cl\u00e9mence Givonetti\",\"potentialAction\":[{\"@type\":\"SearchAction\",\"target\":{\"@type\":\"EntryPoint\",\"urlTemplate\":\"https:\\\/\\\/lesmotsrelies.fr\\\/?s={search_term_string}\"},\"query-input\":{\"@type\":\"PropertyValueSpecification\",\"valueRequired\":true,\"valueName\":\"search_term_string\"}}],\"inLanguage\":\"fr-FR\"},{\"@type\":\"Organization\",\"@id\":\"https:\\\/\\\/lesmotsrelies.fr\\\/#organization\",\"name\":\"Les Mots Reli\u00e9s\",\"alternateName\":\"Cl\u00e9mence Givonetti\",\"url\":\"https:\\\/\\\/lesmotsrelies.fr\\\/\",\"logo\":{\"@type\":\"ImageObject\",\"inLanguage\":\"fr-FR\",\"@id\":\"https:\\\/\\\/lesmotsrelies.fr\\\/#\\\/schema\\\/logo\\\/image\\\/\",\"url\":\"https:\\\/\\\/lesmotsrelies.fr\\\/wp-content\\\/uploads\\\/2024\\\/01\\\/image1696763147700.png\",\"contentUrl\":\"https:\\\/\\\/lesmotsrelies.fr\\\/wp-content\\\/uploads\\\/2024\\\/01\\\/image1696763147700.png\",\"width\":200,\"height\":178,\"caption\":\"Les Mots Reli\u00e9s\"},\"image\":{\"@id\":\"https:\\\/\\\/lesmotsrelies.fr\\\/#\\\/schema\\\/logo\\\/image\\\/\"}}]}<\/script>\n<!-- \/ Yoast SEO plugin. -->","yoast_head_json":{"title":"Tarifs Corrections - Les Mots Reli\u00e9s","description":"Le tarif de chaque correction va d\u00e9pendre du type de prestation, de la longueur du texte, de sa complexit\u00e9, de la quantit\u00e9 de travail \u00e0 faire.","robots":{"index":"index","follow":"follow","max-snippet":"max-snippet:-1","max-image-preview":"max-image-preview:large","max-video-preview":"max-video-preview:-1"},"canonical":"https:\/\/lesmotsrelies.fr\/index.php\/correction\/tarifs-corrections\/","og_locale":"fr_FR","og_type":"article","og_title":"Tarifs Corrections - Les Mots Reli\u00e9s","og_description":"Le tarif de chaque correction va d\u00e9pendre du type de prestation, de la longueur du texte, de sa complexit\u00e9, de la quantit\u00e9 de travail \u00e0 faire.","og_url":"https:\/\/lesmotsrelies.fr\/index.php\/correction\/tarifs-corrections\/","og_site_name":"Les Mots Reli\u00e9s","article_modified_time":"2024-04-01T07:59:21+00:00","twitter_card":"summary_large_image","twitter_misc":{"Dur\u00e9e de lecture estim\u00e9e":"4 minutes"},"schema":{"@context":"https:\/\/schema.org","@graph":[{"@type":"WebPage","@id":"https:\/\/lesmotsrelies.fr\/index.php\/correction\/tarifs-corrections\/","url":"https:\/\/lesmotsrelies.fr\/index.php\/correction\/tarifs-corrections\/","name":"Tarifs Corrections - Les Mots Reli\u00e9s","isPartOf":{"@id":"https:\/\/lesmotsrelies.fr\/#website"},"datePublished":"2024-01-08T14:17:35+00:00","dateModified":"2024-04-01T07:59:21+00:00","description":"Le tarif de chaque correction va d\u00e9pendre du type de prestation, de la longueur du texte, de sa complexit\u00e9, de la quantit\u00e9 de travail \u00e0 faire.","breadcrumb":{"@id":"https:\/\/lesmotsrelies.fr\/index.php\/correction\/tarifs-corrections\/#breadcrumb"},"inLanguage":"fr-FR","potentialAction":[{"@type":"ReadAction","target":["https:\/\/lesmotsrelies.fr\/index.php\/correction\/tarifs-corrections\/"]}]},{"@type":"BreadcrumbList","@id":"https:\/\/lesmotsrelies.fr\/index.php\/correction\/tarifs-corrections\/#breadcrumb","itemListElement":[{"@type":"ListItem","position":1,"name":"Accueil","item":"https:\/\/lesmotsrelies.fr\/"},{"@type":"ListItem","position":2,"name":"Correction","item":"https:\/\/lesmotsrelies.fr\/index.php\/correction\/"},{"@type":"ListItem","position":3,"name":"Tarifs Corrections"}]},{"@type":"WebSite","@id":"https:\/\/lesmotsrelies.fr\/#website","url":"https:\/\/lesmotsrelies.fr\/","name":"Les Mots Reli\u00e9s","description":"Sur le chemin de cr\u00e9ation des livres","publisher":{"@id":"https:\/\/lesmotsrelies.fr\/#organization"},"alternateName":"Cl\u00e9mence Givonetti","potentialAction":[{"@type":"SearchAction","target":{"@type":"EntryPoint","urlTemplate":"https:\/\/lesmotsrelies.fr\/?s={search_term_string}"},"query-input":{"@type":"PropertyValueSpecification","valueRequired":true,"valueName":"search_term_string"}}],"inLanguage":"fr-FR"},{"@type":"Organization","@id":"https:\/\/lesmotsrelies.fr\/#organization","name":"Les Mots Reli\u00e9s","alternateName":"Cl\u00e9mence Givonetti","url":"https:\/\/lesmotsrelies.fr\/","logo":{"@type":"ImageObject","inLanguage":"fr-FR","@id":"https:\/\/lesmotsrelies.fr\/#\/schema\/logo\/image\/","url":"https:\/\/lesmotsrelies.fr\/wp-content\/uploads\/2024\/01\/image1696763147700.png","contentUrl":"https:\/\/lesmotsrelies.fr\/wp-content\/uploads\/2024\/01\/image1696763147700.png","width":200,"height":178,"caption":"Les Mots Reli\u00e9s"},"image":{"@id":"https:\/\/lesmotsrelies.fr\/#\/schema\/logo\/image\/"}}]}},"_links":{"self":[{"href":"https:\/\/lesmotsrelies.fr\/index.php\/wp-json\/wp\/v2\/pages\/57","targetHints":{"allow":["GET"]}}],"collection":[{"href":"https:\/\/lesmotsrelies.fr\/index.php\/wp-json\/wp\/v2\/pages"}],"about":[{"href":"https:\/\/lesmotsrelies.fr\/index.php\/wp-json\/wp\/v2\/types\/page"}],"author":[{"embeddable":true,"href":"https:\/\/lesmotsrelies.fr\/index.php\/wp-json\/wp\/v2\/users\/2"}],"replies":[{"embeddable":true,"href":"https:\/\/lesmotsrelies.fr\/index.php\/wp-json\/wp\/v2\/comments?post=57"}],"version-history":[{"count":18,"href":"https:\/\/lesmotsrelies.fr\/index.php\/wp-json\/wp\/v2\/pages\/57\/revisions"}],"predecessor-version":[{"id":1173,"href":"https:\/\/lesmotsrelies.fr\/index.php\/wp-json\/wp\/v2\/pages\/57\/revisions\/1173"}],"up":[{"embeddable":true,"href":"https:\/\/lesmotsrelies.fr\/index.php\/wp-json\/wp\/v2\/pages\/16"}],"wp:attachment":[{"href":"https:\/\/lesmotsrelies.fr\/index.php\/wp-json\/wp\/v2\/media?parent=57"}],"curies":[{"name":"wp","href":"https:\/\/api.w.org\/{rel}","templated":true}]}}