{"id":25,"date":"2024-01-06T15:48:55","date_gmt":"2024-01-06T14:48:55","guid":{"rendered":"http:\/\/lesmotsrelies.fr\/?page_id=25"},"modified":"2024-03-20T18:09:16","modified_gmt":"2024-03-20T17:09:16","slug":"reliure-traditionnelle","status":"publish","type":"page","link":"https:\/\/lesmotsrelies.fr\/index.php\/reliure\/reliure-traditionnelle\/","title":{"rendered":"Reliure traditionnelle"},"content":{"rendered":"<p>[et_pb_section fb_built=\u00a0\u00bb1&Prime; _builder_version=\u00a0\u00bb4.24.2&Prime; _module_preset=\u00a0\u00bbdefault\u00a0\u00bb background_image=\u00a0\u00bbhttps:\/\/lesmotsrelies.fr\/wp-content\/uploads\/2024\/03\/Reliure-traditionnelle-scaled.jpg\u00a0\u00bb custom_padding=\u00a0\u00bb150px||150px|||\u00a0\u00bb hover_enabled=\u00a0\u00bb0&Prime; global_colors_info=\u00a0\u00bb{}\u00a0\u00bb title_text=\u00a0\u00bbReliure traditionnelle\u00a0\u00bb sticky_enabled=\u00a0\u00bb0&Prime;][et_pb_row _builder_version=\u00a0\u00bb4.24.0&Prime; _module_preset=\u00a0\u00bbdefault\u00a0\u00bb global_colors_info=\u00a0\u00bb{}\u00a0\u00bb][et_pb_column type=\u00a0\u00bb4_4&Prime; _builder_version=\u00a0\u00bb4.24.0&Prime; _module_preset=\u00a0\u00bbdefault\u00a0\u00bb global_colors_info=\u00a0\u00bb{}\u00a0\u00bb][et_pb_post_title meta=\u00a0\u00bboff\u00a0\u00bb _builder_version=\u00a0\u00bb4.24.2&Prime; _module_preset=\u00a0\u00bbdefault\u00a0\u00bb title_text_align=\u00a0\u00bbcenter\u00a0\u00bb title_text_color=\u00a0\u00bbgcid-9682580a-f41a-4704-8c54-eef4630f081f\u00a0\u00bb title_font_size_tablet=\u00a0\u00bb\u00a0\u00bb title_font_size_phone=\u00a0\u00bb50px\u00a0\u00bb title_font_size_last_edited=\u00a0\u00bbon|phone\u00a0\u00bb title_text_shadow_style=\u00a0\u00bbpreset3&Prime; title_text_shadow_blur_strength=\u00a0\u00bb0.29em\u00a0\u00bb title_text_shadow_color=\u00a0\u00bb#ffdecc\u00a0\u00bb global_colors_info=\u00a0\u00bb{%22gcid-9682580a-f41a-4704-8c54-eef4630f081f%22:%91%22title_text_color%22%93}\u00a0\u00bb][\/et_pb_post_title][\/et_pb_column][\/et_pb_row][\/et_pb_section][et_pb_section fb_built=\u00a0\u00bb1&Prime; _builder_version=\u00a0\u00bb4.24.2&Prime; _module_preset=\u00a0\u00bbdefault\u00a0\u00bb background_color=\u00a0\u00bbRGBA(255,255,255,0)\u00a0\u00bb custom_margin=\u00a0\u00bb||||false|false\u00a0\u00bb custom_padding=\u00a0\u00bb23px|||||\u00a0\u00bb global_colors_info=\u00a0\u00bb{}\u00a0\u00bb][et_pb_row column_structure=\u00a0\u00bb1_2,1_2&Prime; _builder_version=\u00a0\u00bb4.23.4&Prime; _module_preset=\u00a0\u00bbdefault\u00a0\u00bb custom_padding=\u00a0\u00bb0px|||||\u00a0\u00bb global_colors_info=\u00a0\u00bb{}\u00a0\u00bb][et_pb_column type=\u00a0\u00bb1_2&Prime; _builder_version=\u00a0\u00bb4.23.4&Prime; _module_preset=\u00a0\u00bbdefault\u00a0\u00bb global_colors_info=\u00a0\u00bb{}\u00a0\u00bb][et_pb_text _builder_version=\u00a0\u00bb4.24.2&Prime; _module_preset=\u00a0\u00bbdefault\u00a0\u00bb width=\u00a0\u00bb100%\u00a0\u00bb custom_margin=\u00a0\u00bb38px||30px|||\u00a0\u00bb custom_margin_tablet=\u00a0\u00bb30px||||false|false\u00a0\u00bb custom_margin_phone=\u00a0\u00bb20px||30px||false|false\u00a0\u00bb custom_margin_last_edited=\u00a0\u00bbon|phone\u00a0\u00bb custom_padding=\u00a0\u00bb|0px|0px|||\u00a0\u00bb global_colors_info=\u00a0\u00bb{}\u00a0\u00bb]<\/p>\n<p class=\"Standard\" style=\"text-align: justify;\">Devant moi attend une pile de livres fatigu\u00e9s. Un beau livre de collection, un livre de poche dont les feuilles se d\u00e9tachent toutes seules, un registre de mairie, un livre de famille, un album d\u2019enfant manipul\u00e9 par de petites mains peu pr\u00e9cautionneuses, quelques livres de la biblioth\u00e8que voisine ab\u00eem\u00e9s par de multiples usages, et un dictionnaire rafistol\u00e9 \u00e0 grands coups de Scotch tueur de papier (vraiment, les adh\u00e9sifs, c\u2019est l\u2019enfer\u00a0! Leur colle acide d\u00e9truit le papier, est tr\u00e8s difficile \u00e0 enlever et fait des d\u00e9g\u00e2ts irr\u00e9parables\u00a0!)<\/p>\n<p class=\"Standard\" style=\"text-align: justify;\">[\/et_pb_text][et_pb_gallery gallery_ids=\u00a0\u00bb1048,1049,1050&Prime; fullwidth=\u00a0\u00bbon\u00a0\u00bb _builder_version=\u00a0\u00bb4.24.2&Prime; _module_preset=\u00a0\u00bbdefault\u00a0\u00bb hover_enabled=\u00a0\u00bb0&Prime; global_colors_info=\u00a0\u00bb{}\u00a0\u00bb sticky_enabled=\u00a0\u00bb0&Prime;][\/et_pb_gallery][et_pb_text _builder_version=\u00a0\u00bb4.24.0&Prime; _module_preset=\u00a0\u00bbdefault\u00a0\u00bb custom_margin=\u00a0\u00bb-30px|||||\u00a0\u00bb custom_padding=\u00a0\u00bb10px|||||\u00a0\u00bb global_colors_info=\u00a0\u00bb{}\u00a0\u00bb]<\/p>\n<p style=\"text-align: center;\"><strong>Les d\u00e9g\u00e2ts des adh\u00e9sifs<\/strong><\/p>\n<p>[\/et_pb_text][\/et_pb_column][et_pb_column type=\u00a0\u00bb1_2&Prime; _builder_version=\u00a0\u00bb4.23.4&Prime; _module_preset=\u00a0\u00bbdefault\u00a0\u00bb global_colors_info=\u00a0\u00bb{}\u00a0\u00bb][et_pb_image src=\u00a0\u00bbhttps:\/\/lesmotsrelies.fr\/wp-content\/uploads\/2024\/03\/Pile-de-livres-a-soigner-scaled.jpg\u00a0\u00bb title_text=\u00a0\u00bbPile de livres \u00e0 soigner\u00a0\u00bb align=\u00a0\u00bbcenter\u00a0\u00bb _builder_version=\u00a0\u00bb4.24.2&Prime; _module_preset=\u00a0\u00bbdefault\u00a0\u00bb height=\u00a0\u00bb318px\u00a0\u00bb custom_margin=\u00a0\u00bb-13px||29px|||\u00a0\u00bb custom_padding=\u00a0\u00bb18px|||||\u00a0\u00bb hover_enabled=\u00a0\u00bb0&Prime; global_colors_info=\u00a0\u00bb{}\u00a0\u00bb show_in_lightbox=\u00a0\u00bbon\u00a0\u00bb sticky_enabled=\u00a0\u00bb0&Prime;][\/et_pb_image][et_pb_text _builder_version=\u00a0\u00bb4.24.0&Prime; _module_preset=\u00a0\u00bbdefault\u00a0\u00bb global_colors_info=\u00a0\u00bb{}\u00a0\u00bb]<\/p>\n<p>J\u2019ausculte un \u00e0 un les ouvrages fatigu\u00e9s de ma pile. Je consid\u00e8re que tout livre m\u00e9rite d\u2019\u00eatre soign\u00e9 ou reli\u00e9, quelles que soient sa valeur mat\u00e9rielle et son anciennet\u00e9. Alors, bien s\u00fbr, les soins ne seront pas les m\u00eames pour tous, on ne s\u2019occupe pas d\u2019un livre ancien de la m\u00eame mani\u00e8re que d\u2019un livre actuel. Mais je tiens \u00e0 accorder la m\u00eame attention \u00e0 chacun : d\u2019une part, il me semble que la potentielle valeur sentimentale d\u2019un ouvrage prime sur sa valeur mat\u00e9rielle, et d\u2019autre part, dans notre monde o\u00f9 les ressources et \u00e9nergies n\u00e9cessaires \u00e0 la production des livres et \u00e0 leur recyclage se font rares et posent des enjeux \u00e9cologiques essentiels, peut-on vraiment continuer \u00e0 jeter et racheter des livres, comme de simples objets de consommation, juste parce qu\u2019ils sont ab\u00eem\u00e9s, alors que l\u2019on poss\u00e8de ce savoir s\u00e9culaire, la reliure, qui permet de les r\u00e9parer ?<\/p>\n<p>[\/et_pb_text][\/et_pb_column][\/et_pb_row][et_pb_row _builder_version=\u00a0\u00bb4.24.0&Prime; _module_preset=\u00a0\u00bbdefault\u00a0\u00bb custom_margin=\u00a0\u00bb-75px|auto||auto||\u00a0\u00bb global_colors_info=\u00a0\u00bb{}\u00a0\u00bb][et_pb_column type=\u00a0\u00bb4_4&Prime; _builder_version=\u00a0\u00bb4.24.0&Prime; _module_preset=\u00a0\u00bbdefault\u00a0\u00bb global_colors_info=\u00a0\u00bb{}\u00a0\u00bb][et_pb_text _builder_version=\u00a0\u00bb4.24.0&Prime; _module_preset=\u00a0\u00bbdefault\u00a0\u00bb custom_margin=\u00a0\u00bb||-12px|||\u00a0\u00bb custom_padding=\u00a0\u00bb0px|||||\u00a0\u00bb global_colors_info=\u00a0\u00bb{}\u00a0\u00bb]<\/p>\n<p class=\"Standard\" style=\"text-align: justify;\">\n<p class=\"Standard\" style=\"text-align: justify;\">Port\u00e9e par cet \u00e9lan, je me mets \u00e0 l\u2019ouvrage : il est temps de soigner et redonner de la vigueur \u00e0 tous ces livres empil\u00e9s devant moi, gr\u00e2ce aux principes et techniques de reliure traditionnelle courante (les r\u00e9parations sont l\u2019occasion d\u2019offrir \u00e0 l\u2019ouvrage un nouvel habillage, plus solide, plus \u00e9l\u00e9gant. Et selon l\u2019importance donn\u00e9e \u00e0 la recherche esth\u00e9tique, cette reliure courante peut se transformer en reliure d\u2019art) ou de restauration (la reliure en \u00e9tat de l\u2019ouvrage se fait en conservant un maximum d\u2019\u00e9l\u00e9ments d\u2019origine, en respectant l\u2019\u00e9poque du livre et selon le principe essentiel de r\u00e9versibilit\u00e9 : toute op\u00e9ration effectu\u00e9e doit pouvoir \u00eatre d\u00e9faite sans rien endommager).<\/p>\n<p class=\"Standard\" style=\"text-align: justify;\">J\u2019utilise d\u2019ailleurs les m\u00eames techniques de reliure traditionnelle pour la reliure administrative (nouveaux registres \u00e0 relier et anciens \u00e0 restaurer), en respectant les r\u00e9glementations en vigueur du d\u00e9cret 2010-783 du Code g\u00e9n\u00e9ral des collectivit\u00e9s territoriales et de la circulaire IOCB1032174C.<\/p>\n<p>[\/et_pb_text][\/et_pb_column][\/et_pb_row][et_pb_row _builder_version=\u00a0\u00bb4.24.0&Prime; _module_preset=\u00a0\u00bbdefault\u00a0\u00bb custom_margin=\u00a0\u00bb-22px|auto||auto||\u00a0\u00bb global_colors_info=\u00a0\u00bb{}\u00a0\u00bb][et_pb_column type=\u00a0\u00bb4_4&Prime; _builder_version=\u00a0\u00bb4.24.0&Prime; _module_preset=\u00a0\u00bbdefault\u00a0\u00bb global_colors_info=\u00a0\u00bb{}\u00a0\u00bb][et_pb_text _builder_version=\u00a0\u00bb4.24.0&Prime; _module_preset=\u00a0\u00bbdefault\u00a0\u00bb custom_margin=\u00a0\u00bb-9px|||||\u00a0\u00bb custom_padding=\u00a0\u00bb2px|||||\u00a0\u00bb global_colors_info=\u00a0\u00bb{}\u00a0\u00bb]<\/p>\n<p class=\"Standard\" style=\"text-align: justify;\">Voil\u00e0 maintenant mes livres tout ragaillardis ! Mais certains sont devenus muets. En regardant ceux qui ont b\u00e9n\u00e9fici\u00e9 d\u2019une nouvelle couvrure, on ne sait plus comment ils s\u2019appellent ni qui les a \u00e9crits. Alors pour leur redonner la parole, je passe \u00e0 la dorure : titrage (nom de l\u2019auteur ou de l\u2019autrice, titre, \u00e9ventuels compl\u00e9ments), ornementation, effectu\u00e9s \u00e0 l\u2019or, au film dor\u00e9 ou couleur, ou au froid naturel (juste la marque du fer chaud, sans or ni couleur), directement sur le dos, les plats du livre (dorure directe) ou bien sur un morceau de cuir ensuite coll\u00e9 (dorure sur pi\u00e8ce de titre).<\/p>\n<p class=\"Standard\" style=\"text-align: justify;\">Devant moi d\u00e9sormais tr\u00f4ne une pile de livres \u00e9clatants. Les voil\u00e0 pr\u00eats \u00e0 \u00eatre lus et relus pendant encore longtemps.<\/p>\n<p>[\/et_pb_text][\/et_pb_column][\/et_pb_row][et_pb_row _builder_version=\u00a0\u00bb4.24.0&Prime; _module_preset=\u00a0\u00bbdefault\u00a0\u00bb global_colors_info=\u00a0\u00bb{}\u00a0\u00bb][et_pb_column type=\u00a0\u00bb4_4&Prime; _builder_version=\u00a0\u00bb4.24.0&Prime; _module_preset=\u00a0\u00bbdefault\u00a0\u00bb global_colors_info=\u00a0\u00bb{}\u00a0\u00bb][et_pb_gallery gallery_ids=\u00a0\u00bb1056,1054,1055,1053,1057,1058,1062,1066,1060,1059,1063,1065,1064,1061,1052&Prime; posts_number=\u00a0\u00bb15&Prime; _builder_version=\u00a0\u00bb4.24.2&Prime; _module_preset=\u00a0\u00bbdefault\u00a0\u00bb title_level=\u00a0\u00bbh6&Prime; title_font=\u00a0\u00bbCagliostro||||||||\u00a0\u00bb title_text_align=\u00a0\u00bbjustify\u00a0\u00bb title_font_size=\u00a0\u00bb15px\u00a0\u00bb width=\u00a0\u00bb100%\u00a0\u00bb hover_enabled=\u00a0\u00bb0&Prime; border_radii_image=\u00a0\u00bbon|3px|3px|3px|3px\u00a0\u00bb global_colors_info=\u00a0\u00bb{}\u00a0\u00bb sticky_enabled=\u00a0\u00bb0&Prime;][\/et_pb_gallery][\/et_pb_column][\/et_pb_row][\/et_pb_section]<\/p>\n","protected":false},"excerpt":{"rendered":"<p>Devant moi attend une pile de livres fatigu\u00e9s. Un beau livre de collection, un livre de poche dont les feuilles se d\u00e9tachent toutes seules, un registre de mairie, un livre de famille, un album d\u2019enfant manipul\u00e9 par de petites mains peu pr\u00e9cautionneuses, quelques livres de la biblioth\u00e8que voisine ab\u00eem\u00e9s par de multiples usages, et un [&hellip;]<\/p>\n","protected":false},"author":1,"featured_media":0,"parent":15,"menu_order":0,"comment_status":"closed","ping_status":"closed","template":"","meta":{"_et_pb_use_builder":"on","_et_pb_old_content":"","_et_gb_content_width":"","footnotes":""},"class_list":["post-25","page","type-page","status-publish","hentry"],"yoast_head":"<!-- This site is optimized with the Yoast SEO plugin v27.4 - https:\/\/yoast.com\/product\/yoast-seo-wordpress\/ -->\n<title>Reliure traditionnelle - Les Mots Reli\u00e9s<\/title>\n<meta name=\"description\" content=\"Tous les livres m\u00e9ritent d&#039;\u00eatre soign\u00e9s. Redonnons-leur de l&#039;allure gr\u00e2ce aux techniques de reliure artisanale courante et de restauration.\" \/>\n<meta name=\"robots\" content=\"index, follow, max-snippet:-1, max-image-preview:large, max-video-preview:-1\" \/>\n<link rel=\"canonical\" href=\"https:\/\/lesmotsrelies.fr\/index.php\/reliure\/reliure-traditionnelle\/\" \/>\n<meta property=\"og:locale\" content=\"fr_FR\" \/>\n<meta property=\"og:type\" content=\"article\" \/>\n<meta property=\"og:title\" content=\"Reliure traditionnelle - Les Mots Reli\u00e9s\" \/>\n<meta property=\"og:description\" content=\"Tous les livres m\u00e9ritent d&#039;\u00eatre soign\u00e9s. Redonnons-leur de l&#039;allure gr\u00e2ce aux techniques de reliure artisanale courante et de restauration.\" \/>\n<meta property=\"og:url\" content=\"https:\/\/lesmotsrelies.fr\/index.php\/reliure\/reliure-traditionnelle\/\" \/>\n<meta property=\"og:site_name\" content=\"Les Mots Reli\u00e9s\" \/>\n<meta property=\"article:modified_time\" content=\"2024-03-20T17:09:16+00:00\" \/>\n<meta name=\"twitter:card\" content=\"summary_large_image\" \/>\n<meta name=\"twitter:label1\" content=\"Dur\u00e9e de lecture estim\u00e9e\" \/>\n\t<meta name=\"twitter:data1\" content=\"8 minutes\" \/>\n<script type=\"application\/ld+json\" class=\"yoast-schema-graph\">{\"@context\":\"https:\\\/\\\/schema.org\",\"@graph\":[{\"@type\":\"WebPage\",\"@id\":\"https:\\\/\\\/lesmotsrelies.fr\\\/index.php\\\/reliure\\\/reliure-traditionnelle\\\/\",\"url\":\"https:\\\/\\\/lesmotsrelies.fr\\\/index.php\\\/reliure\\\/reliure-traditionnelle\\\/\",\"name\":\"Reliure traditionnelle - Les Mots Reli\u00e9s\",\"isPartOf\":{\"@id\":\"https:\\\/\\\/lesmotsrelies.fr\\\/#website\"},\"datePublished\":\"2024-01-06T14:48:55+00:00\",\"dateModified\":\"2024-03-20T17:09:16+00:00\",\"description\":\"Tous les livres m\u00e9ritent d'\u00eatre soign\u00e9s. Redonnons-leur de l'allure gr\u00e2ce aux techniques de reliure artisanale courante et de restauration.\",\"breadcrumb\":{\"@id\":\"https:\\\/\\\/lesmotsrelies.fr\\\/index.php\\\/reliure\\\/reliure-traditionnelle\\\/#breadcrumb\"},\"inLanguage\":\"fr-FR\",\"potentialAction\":[{\"@type\":\"ReadAction\",\"target\":[\"https:\\\/\\\/lesmotsrelies.fr\\\/index.php\\\/reliure\\\/reliure-traditionnelle\\\/\"]}]},{\"@type\":\"BreadcrumbList\",\"@id\":\"https:\\\/\\\/lesmotsrelies.fr\\\/index.php\\\/reliure\\\/reliure-traditionnelle\\\/#breadcrumb\",\"itemListElement\":[{\"@type\":\"ListItem\",\"position\":1,\"name\":\"Accueil\",\"item\":\"https:\\\/\\\/lesmotsrelies.fr\\\/\"},{\"@type\":\"ListItem\",\"position\":2,\"name\":\"Reliure\",\"item\":\"https:\\\/\\\/lesmotsrelies.fr\\\/index.php\\\/reliure\\\/\"},{\"@type\":\"ListItem\",\"position\":3,\"name\":\"Reliure traditionnelle\"}]},{\"@type\":\"WebSite\",\"@id\":\"https:\\\/\\\/lesmotsrelies.fr\\\/#website\",\"url\":\"https:\\\/\\\/lesmotsrelies.fr\\\/\",\"name\":\"Les Mots Reli\u00e9s\",\"description\":\"Sur le chemin de cr\u00e9ation des livres\",\"publisher\":{\"@id\":\"https:\\\/\\\/lesmotsrelies.fr\\\/#organization\"},\"alternateName\":\"Cl\u00e9mence Givonetti\",\"potentialAction\":[{\"@type\":\"SearchAction\",\"target\":{\"@type\":\"EntryPoint\",\"urlTemplate\":\"https:\\\/\\\/lesmotsrelies.fr\\\/?s={search_term_string}\"},\"query-input\":{\"@type\":\"PropertyValueSpecification\",\"valueRequired\":true,\"valueName\":\"search_term_string\"}}],\"inLanguage\":\"fr-FR\"},{\"@type\":\"Organization\",\"@id\":\"https:\\\/\\\/lesmotsrelies.fr\\\/#organization\",\"name\":\"Les Mots Reli\u00e9s\",\"alternateName\":\"Cl\u00e9mence Givonetti\",\"url\":\"https:\\\/\\\/lesmotsrelies.fr\\\/\",\"logo\":{\"@type\":\"ImageObject\",\"inLanguage\":\"fr-FR\",\"@id\":\"https:\\\/\\\/lesmotsrelies.fr\\\/#\\\/schema\\\/logo\\\/image\\\/\",\"url\":\"https:\\\/\\\/lesmotsrelies.fr\\\/wp-content\\\/uploads\\\/2024\\\/01\\\/image1696763147700.png\",\"contentUrl\":\"https:\\\/\\\/lesmotsrelies.fr\\\/wp-content\\\/uploads\\\/2024\\\/01\\\/image1696763147700.png\",\"width\":200,\"height\":178,\"caption\":\"Les Mots Reli\u00e9s\"},\"image\":{\"@id\":\"https:\\\/\\\/lesmotsrelies.fr\\\/#\\\/schema\\\/logo\\\/image\\\/\"}}]}<\/script>\n<!-- \/ Yoast SEO plugin. -->","yoast_head_json":{"title":"Reliure traditionnelle - Les Mots Reli\u00e9s","description":"Tous les livres m\u00e9ritent d'\u00eatre soign\u00e9s. Redonnons-leur de l'allure gr\u00e2ce aux techniques de reliure artisanale courante et de restauration.","robots":{"index":"index","follow":"follow","max-snippet":"max-snippet:-1","max-image-preview":"max-image-preview:large","max-video-preview":"max-video-preview:-1"},"canonical":"https:\/\/lesmotsrelies.fr\/index.php\/reliure\/reliure-traditionnelle\/","og_locale":"fr_FR","og_type":"article","og_title":"Reliure traditionnelle - Les Mots Reli\u00e9s","og_description":"Tous les livres m\u00e9ritent d'\u00eatre soign\u00e9s. Redonnons-leur de l'allure gr\u00e2ce aux techniques de reliure artisanale courante et de restauration.","og_url":"https:\/\/lesmotsrelies.fr\/index.php\/reliure\/reliure-traditionnelle\/","og_site_name":"Les Mots Reli\u00e9s","article_modified_time":"2024-03-20T17:09:16+00:00","twitter_card":"summary_large_image","twitter_misc":{"Dur\u00e9e de lecture estim\u00e9e":"8 minutes"},"schema":{"@context":"https:\/\/schema.org","@graph":[{"@type":"WebPage","@id":"https:\/\/lesmotsrelies.fr\/index.php\/reliure\/reliure-traditionnelle\/","url":"https:\/\/lesmotsrelies.fr\/index.php\/reliure\/reliure-traditionnelle\/","name":"Reliure traditionnelle - Les Mots Reli\u00e9s","isPartOf":{"@id":"https:\/\/lesmotsrelies.fr\/#website"},"datePublished":"2024-01-06T14:48:55+00:00","dateModified":"2024-03-20T17:09:16+00:00","description":"Tous les livres m\u00e9ritent d'\u00eatre soign\u00e9s. Redonnons-leur de l'allure gr\u00e2ce aux techniques de reliure artisanale courante et de restauration.","breadcrumb":{"@id":"https:\/\/lesmotsrelies.fr\/index.php\/reliure\/reliure-traditionnelle\/#breadcrumb"},"inLanguage":"fr-FR","potentialAction":[{"@type":"ReadAction","target":["https:\/\/lesmotsrelies.fr\/index.php\/reliure\/reliure-traditionnelle\/"]}]},{"@type":"BreadcrumbList","@id":"https:\/\/lesmotsrelies.fr\/index.php\/reliure\/reliure-traditionnelle\/#breadcrumb","itemListElement":[{"@type":"ListItem","position":1,"name":"Accueil","item":"https:\/\/lesmotsrelies.fr\/"},{"@type":"ListItem","position":2,"name":"Reliure","item":"https:\/\/lesmotsrelies.fr\/index.php\/reliure\/"},{"@type":"ListItem","position":3,"name":"Reliure traditionnelle"}]},{"@type":"WebSite","@id":"https:\/\/lesmotsrelies.fr\/#website","url":"https:\/\/lesmotsrelies.fr\/","name":"Les Mots Reli\u00e9s","description":"Sur le chemin de cr\u00e9ation des livres","publisher":{"@id":"https:\/\/lesmotsrelies.fr\/#organization"},"alternateName":"Cl\u00e9mence Givonetti","potentialAction":[{"@type":"SearchAction","target":{"@type":"EntryPoint","urlTemplate":"https:\/\/lesmotsrelies.fr\/?s={search_term_string}"},"query-input":{"@type":"PropertyValueSpecification","valueRequired":true,"valueName":"search_term_string"}}],"inLanguage":"fr-FR"},{"@type":"Organization","@id":"https:\/\/lesmotsrelies.fr\/#organization","name":"Les Mots Reli\u00e9s","alternateName":"Cl\u00e9mence Givonetti","url":"https:\/\/lesmotsrelies.fr\/","logo":{"@type":"ImageObject","inLanguage":"fr-FR","@id":"https:\/\/lesmotsrelies.fr\/#\/schema\/logo\/image\/","url":"https:\/\/lesmotsrelies.fr\/wp-content\/uploads\/2024\/01\/image1696763147700.png","contentUrl":"https:\/\/lesmotsrelies.fr\/wp-content\/uploads\/2024\/01\/image1696763147700.png","width":200,"height":178,"caption":"Les Mots Reli\u00e9s"},"image":{"@id":"https:\/\/lesmotsrelies.fr\/#\/schema\/logo\/image\/"}}]}},"_links":{"self":[{"href":"https:\/\/lesmotsrelies.fr\/index.php\/wp-json\/wp\/v2\/pages\/25","targetHints":{"allow":["GET"]}}],"collection":[{"href":"https:\/\/lesmotsrelies.fr\/index.php\/wp-json\/wp\/v2\/pages"}],"about":[{"href":"https:\/\/lesmotsrelies.fr\/index.php\/wp-json\/wp\/v2\/types\/page"}],"author":[{"embeddable":true,"href":"https:\/\/lesmotsrelies.fr\/index.php\/wp-json\/wp\/v2\/users\/1"}],"replies":[{"embeddable":true,"href":"https:\/\/lesmotsrelies.fr\/index.php\/wp-json\/wp\/v2\/comments?post=25"}],"version-history":[{"count":32,"href":"https:\/\/lesmotsrelies.fr\/index.php\/wp-json\/wp\/v2\/pages\/25\/revisions"}],"predecessor-version":[{"id":1103,"href":"https:\/\/lesmotsrelies.fr\/index.php\/wp-json\/wp\/v2\/pages\/25\/revisions\/1103"}],"up":[{"embeddable":true,"href":"https:\/\/lesmotsrelies.fr\/index.php\/wp-json\/wp\/v2\/pages\/15"}],"wp:attachment":[{"href":"https:\/\/lesmotsrelies.fr\/index.php\/wp-json\/wp\/v2\/media?parent=25"}],"curies":[{"name":"wp","href":"https:\/\/api.w.org\/{rel}","templated":true}]}}